{"id":103,"date":"2022-09-02T11:44:12","date_gmt":"2022-09-02T09:44:12","guid":{"rendered":"http:\/\/dalal-ak-jamm.bertsouren2.nl\/wp17daj\/?page_id=103"},"modified":"2024-12-16T18:58:17","modified_gmt":"2024-12-16T17:58:17","slug":"guesthouse-en-restaurant","status":"publish","type":"page","link":"http:\/\/dalal-ak-jamm.com\/de\/guesthouse-en-restaurant\/","title":{"rendered":"Guesthouse"},"content":{"rendered":"<p>[et_pb_section fb_built=\u00a0\u00bb1&Prime; fullwidth=\u00a0\u00bbon\u00a0\u00bb _builder_version=\u00a0\u00bb4.16&Prime; background_image=\u00a0\u00bbhttp:\/\/dalal-ak-jamm.bertsouren2.nl\/wp17daj\/wp-content\/uploads\/2017\/10\/Couscous3lichtst-1.jpg\u00a0\u00bb global_colors_info=\u00a0\u00bb{}\u00a0\u00bb][et_pb_fullwidth_image src=\u00a0\u00bbhttp:\/\/dalal-ak-jamm.com\/wp-content\/uploads\/2022\/09\/IMG_6078-scaled.jpg\u00a0\u00bb title_text=\u00a0\u00bbIMG_6078&Prime; _builder_version=\u00a0\u00bb4.18.0&Prime; _module_preset=\u00a0\u00bbdefault\u00a0\u00bb global_colors_info=\u00a0\u00bb{}\u00a0\u00bb][\/et_pb_fullwidth_image][et_pb_fullwidth_menu menu_id=\u00a0\u00bb2&Prime; submenu_direction=\u00a0\u00bbdownwards\u00a0\u00bb fullwidth_menu=\u00a0\u00bboff\u00a0\u00bb active_link_color=\u00a0\u00bb#ed4e49&Prime; dropdown_menu_bg_color=\u00a0\u00bb#fff484&Prime; dropdown_menu_text_color=\u00a0\u00bb#128403&Prime; mobile_menu_bg_color=\u00a0\u00bb#fff484&Prime; mobile_menu_text_color=\u00a0\u00bb#128403&Prime; _builder_version=\u00a0\u00bb3.0.82&Prime; menu_text_color=\u00a0\u00bb#128403&Prime; menu_font_size=\u00a0\u00bb16px\u00a0\u00bb text_orientation=\u00a0\u00bbcenter\u00a0\u00bb global_module=\u00a0\u00bb327&Prime; saved_tabs=\u00a0\u00bball\u00a0\u00bb global_colors_info=\u00a0\u00bb{}\u00a0\u00bb][\/et_pb_fullwidth_menu][\/et_pb_section][et_pb_section fb_built=\u00a0\u00bb1&Prime; _builder_version=\u00a0\u00bb4.16&Prime; background_image=\u00a0\u00bbhttp:\/\/dalal-ak-jamm.bertsouren2.nl\/wp17daj\/wp-content\/uploads\/2017\/10\/Couscous3lichtst-1.jpg\u00a0\u00bb global_colors_info=\u00a0\u00bb{}\u00a0\u00bb][et_pb_row column_structure=\u00a0\u00bb1_3,2_3&Prime; _builder_version=\u00a0\u00bb4.16&Prime; background_size=\u00a0\u00bbinitial\u00a0\u00bb background_position=\u00a0\u00bbtop_left\u00a0\u00bb background_repeat=\u00a0\u00bbrepeat\u00a0\u00bb min_height=\u00a0\u00bb2471.7px\u00a0\u00bb global_colors_info=\u00a0\u00bb{}\u00a0\u00bb][et_pb_column type=\u00a0\u00bb1_3&Prime; _builder_version=\u00a0\u00bb4.16&Prime; custom_padding=\u00a0\u00bb|||\u00a0\u00bb global_colors_info=\u00a0\u00bb{}\u00a0\u00bb custom_padding__hover=\u00a0\u00bb|||\u00a0\u00bb][et_pb_image src=\u00a0\u00bbhttp:\/\/dalal-ak-jamm.com\/wp-content\/uploads\/2018\/01\/favicon-1.jpg\u00a0\u00bb align_tablet=\u00a0\u00bbcenter\u00a0\u00bb align_phone=\u00a0\u00bbcenter\u00a0\u00bb align_last_edited=\u00a0\u00bbon|desktop\u00a0\u00bb _builder_version=\u00a0\u00bb4.16&Prime; always_center_on_mobile=\u00a0\u00bbon\u00a0\u00bb global_colors_info=\u00a0\u00bb{}\u00a0\u00bb][\/et_pb_image][et_pb_image src=\u00a0\u00bbhttp:\/\/dalal-ak-jamm.com\/wp-content\/uploads\/2019\/02\/Plattegrond-een-appartement.jpg\u00a0\u00bb align_tablet=\u00a0\u00bbcenter\u00a0\u00bb align_phone=\u00a0\u00bbcenter\u00a0\u00bb align_last_edited=\u00a0\u00bbon|desktop\u00a0\u00bb _builder_version=\u00a0\u00bb4.16&Prime; always_center_on_mobile=\u00a0\u00bbon\u00a0\u00bb global_colors_info=\u00a0\u00bb{}\u00a0\u00bb][\/et_pb_image][et_pb_text _builder_version=\u00a0\u00bb4.16&Prime; text_font_size=\u00a0\u00bb16&Prime; border_style=\u00a0\u00bbsolid\u00a0\u00bb global_colors_info=\u00a0\u00bb{}\u00a0\u00bb]<\/p>\n<h5><strong style=\"font-size: 16px;\">Les prix<\/strong><strong><\/strong><\/h5>\n<h5><strong style=\"font-size: 16px;\"><\/strong><\/h5>\n<h5><strong style=\"font-size: 16px;\"><\/strong><\/h5>\n<h5><strong style=\"font-size: 16px; color: #128403;\">Appartement\u00a0<\/strong><strong><\/strong><\/h5>\n<p>1 nuit:<br \/>40.000 CFA\/\u20ac 61,50 pour 2 personnes;<br \/>50.000 CFA\/\u20ac\u00a0 77 pour 4 personnes<\/p>\n<p>1 semaine: <br \/>252.000 CFA\/\u20ac 388 pour 2 personnes;<br \/>315.000 CFA\/\u20ac 485 pour 4 personnes<\/p>\n<p>En pla\u00e7ant un matelas suppl\u00e9mentaire dans le salon, un maximum de 6 personnes peuvent passer la nuit dans un appartement (suppl\u00e9ment 5.000 CFA\/\u20ac 7,50 par personne).<\/p>\n<p><strong><\/strong><\/p>\n<p><strong><\/strong><\/p>\n<p><strong>Chambre double<\/strong><\/p>\n<p>1 nuit: 25.000 CFA\/\u20ac 38,50<br \/>1 semaine: 158.000 CFA\/\u20ac 243<\/p>\n<p>&nbsp;<\/p>\n<p><strong>S\u00e9jours plus long<\/strong>\u00a0et <strong>remise de groupe<\/strong> pour la location de plusieurs appartements et\/ou chambres : sur demande.<\/p>\n<p>&nbsp;<\/p>\n<p><strong>Petit d\u00e9jeuner<\/strong> 2.500 CFA\/\u20ac 3,85 p.p.<\/p>\n<p>&nbsp;<\/p>\n<p>[\/et_pb_text][\/et_pb_column][et_pb_column type=\u00a0\u00bb2_3&Prime; _builder_version=\u00a0\u00bb4.16&Prime; custom_padding=\u00a0\u00bb|||\u00a0\u00bb global_colors_info=\u00a0\u00bb{}\u00a0\u00bb custom_padding__hover=\u00a0\u00bb|||\u00a0\u00bb][et_pb_text _builder_version=\u00a0\u00bb3.0.87&Prime; text_text_color=\u00a0\u00bb#128403&Prime; text_font_size=\u00a0\u00bb16&Prime; header_text_color=\u00a0\u00bb#ed4e49&Prime; header_letter_spacing=\u00a0\u00bb2px\u00a0\u00bb header_line_height=\u00a0\u00bb1.2em\u00a0\u00bb border_style=\u00a0\u00bbsolid\u00a0\u00bb global_module=\u00a0\u00bb365&Prime; saved_tabs=\u00a0\u00bball\u00a0\u00bb global_colors_info=\u00a0\u00bb{}\u00a0\u00bb]<\/p>\n<h4><strong>Appartements<\/strong><\/h4>\n<p>&nbsp;<\/p>\n<p>Les quatre appartements sont spacieus, id\u00e9al pour un s\u00e9jour en famille ou longue dur\u00e9e. 3 appartements se trouve au rez de chauss\u00e9e, 1 sur la premi\u00e8re \u00e9tage.<\/p>\n<p>Chaque appartement fait 70 m2 et se compose d&rsquo;un salon, de deux chambres avec grands lits, d&rsquo;une cuisine, d&rsquo;une salle de bain avec douche et WC et d&rsquo;un terrasse priv\u00e9 de 15 m2.<br \/>Une des chambres \u00e0 coucher est climatis\u00e9e.<\/p>\n<p>Les 3 appartements au rez-de-chauss\u00e9e ont un jardin clos devant et \u00e0 l&rsquo;arri\u00e8re des portes ouvrant sur la cour avec piscine.<br \/>Depuis la terrasse de l&rsquo;appartement en \u00e9tage, vous pouvez voir l&rsquo;oc\u00e9an.<\/p>\n<p>&nbsp;<\/p>\n<p>[\/et_pb_text][et_pb_image src=\u00a0\u00bbhttp:\/\/dalal-ak-jamm.com\/wp-content\/uploads\/2022\/09\/appartement-1-1-scaled.jpg\u00a0\u00bb title_text=\u00a0\u00bbappartement 1&Prime; _builder_version=\u00a0\u00bb4.18.0&Prime; _module_preset=\u00a0\u00bbdefault\u00a0\u00bb global_colors_info=\u00a0\u00bb{}\u00a0\u00bb][\/et_pb_image][et_pb_text _builder_version=\u00a0\u00bb4.16&Prime; text_text_color=\u00a0\u00bb#128403&Prime; text_font_size=\u00a0\u00bb16&Prime; header_text_color=\u00a0\u00bb#03126b\u00a0\u00bb header_letter_spacing=\u00a0\u00bb2px\u00a0\u00bb border_style=\u00a0\u00bbsolid\u00a0\u00bb global_colors_info=\u00a0\u00bb{}\u00a0\u00bb]<\/p>\n<h4><strong><\/strong><\/h4>\n<h4><strong>Chambres d&rsquo;h\u00f4tes<br \/><\/strong><\/h4>\n<p>&nbsp;<\/p>\n<p>En 2017, nous avons construit quatre chambres doubles \u00e0 c\u00f4t\u00e9 de la piscine dans notre magnifique cour abrit\u00e9e. Chaque chambre est \u00e9quip\u00e9e d&rsquo;un lit double, d&rsquo;un placard, d&rsquo;une douche, d&rsquo;une toilette, frigo, t\u00e9l\u00e9 et de la climatisation.<\/p>\n<p>Dans ce petit paradis, vous pourrez vous d\u00e9tendre sous les cocotiers, lire un livre ou vous rafra\u00eechir dans la piscine. Il est bien s\u00fbr \u00e9galement disponible pour les clients des appartements.<\/p>\n<p>[\/et_pb_text][et_pb_image src=\u00a0\u00bbhttp:\/\/dalal-ak-jamm.com\/wp-content\/uploads\/2022\/09\/kamer-1-scaled.jpg\u00a0\u00bb title_text=\u00a0\u00bbkamer\u00a0\u00bb _builder_version=\u00a0\u00bb4.18.0&Prime; _module_preset=\u00a0\u00bbdefault\u00a0\u00bb global_colors_info=\u00a0\u00bb{}\u00a0\u00bb][\/et_pb_image][et_pb_text _builder_version=\u00a0\u00bb4.16&Prime; text_text_color=\u00a0\u00bb#128403&Prime; text_font_size=\u00a0\u00bb16&Prime; header_text_color=\u00a0\u00bb#03126b\u00a0\u00bb header_letter_spacing=\u00a0\u00bb2px\u00a0\u00bb border_style=\u00a0\u00bbsolid\u00a0\u00bb global_colors_info=\u00a0\u00bb{}\u00a0\u00bb]<\/p>\n<h4><strong>Petit d\u00e9jeuner et repas<\/strong><\/h4>\n<p>&nbsp;<\/p>\n<p>Commencez la journ\u00e9e avec un d\u00e9licieux petit d\u00e9jeuner sur notre terrasse au bord de la piscine !<br \/>Pour les autres repas, diverses possibilit\u00e9s se trouvent \u00e0 proximit\u00e9 imm\u00e9diate : restaurants, plats \u00e0 emporter ou livraison. Nous sommes heureux de vous conseiller.<br \/>Dans les appartements vous pouvez \u00e9galement pr\u00e9parer vos propres r\u00e9pas, et les h\u00f4tes des chambres peuvent utiliser la petite cuisine sur la terrasse commune.<\/p>\n<p>[\/et_pb_text][et_pb_image src=\u00a0\u00bbhttp:\/\/dalal-ak-jamm.com\/wp-content\/uploads\/2022\/09\/IMG_20170920_121313-scaled.jpg\u00a0\u00bb title_text=\u00a0\u00bbIMG_20170920_121313&Prime; _builder_version=\u00a0\u00bb4.18.0&Prime; _module_preset=\u00a0\u00bbdefault\u00a0\u00bb global_colors_info=\u00a0\u00bb{}\u00a0\u00bb][\/et_pb_image][\/et_pb_column][\/et_pb_row][\/et_pb_section]<\/p>\n","protected":false},"excerpt":{"rendered":"<p>Les prix Appartement\u00a0 1 nuit:40.000 CFA\/\u20ac 61,50 pour 2 personnes;50.000 CFA\/\u20ac\u00a0 77 pour 4 personnes 1 semaine: 252.000 CFA\/\u20ac 388 pour 2 personnes;315.000 CFA\/\u20ac 485 pour 4 personnes En pla\u00e7ant un matelas suppl\u00e9mentaire dans le salon, un maximum de 6 personnes peuvent passer la nuit dans un appartement (suppl\u00e9ment 5.000 CFA\/\u20ac 7,50 par personne). Chambre [&hellip;]<\/p>\n","protected":false},"author":1,"featured_media":0,"parent":0,"menu_order":0,"comment_status":"closed","ping_status":"closed","template":"","meta":{"_et_pb_use_builder":"on","_et_pb_old_content":"","_et_gb_content_width":"","footnotes":""},"class_list":["post-103","page","type-page","status-publish","hentry"],"_links":{"self":[{"href":"http:\/\/dalal-ak-jamm.com\/de\/wp-json\/wp\/v2\/pages\/103","targetHints":{"allow":["GET"]}}],"collection":[{"href":"http:\/\/dalal-ak-jamm.com\/de\/wp-json\/wp\/v2\/pages"}],"about":[{"href":"http:\/\/dalal-ak-jamm.com\/de\/wp-json\/wp\/v2\/types\/page"}],"author":[{"embeddable":true,"href":"http:\/\/dalal-ak-jamm.com\/de\/wp-json\/wp\/v2\/users\/1"}],"replies":[{"embeddable":true,"href":"http:\/\/dalal-ak-jamm.com\/de\/wp-json\/wp\/v2\/comments?post=103"}],"version-history":[{"count":12,"href":"http:\/\/dalal-ak-jamm.com\/de\/wp-json\/wp\/v2\/pages\/103\/revisions"}],"predecessor-version":[{"id":716,"href":"http:\/\/dalal-ak-jamm.com\/de\/wp-json\/wp\/v2\/pages\/103\/revisions\/716"}],"wp:attachment":[{"href":"http:\/\/dalal-ak-jamm.com\/de\/wp-json\/wp\/v2\/media?parent=103"}],"curies":[{"name":"wp","href":"https:\/\/api.w.org\/{rel}","templated":true}]}}